{"id":2380,"date":"2024-05-27T17:48:49","date_gmt":"2024-05-27T15:48:49","guid":{"rendered":"https:\/\/the-nature-works.com\/?p=2380"},"modified":"2025-02-06T19:18:43","modified_gmt":"2025-02-06T18:18:43","slug":"off-site-sustainable-and-meaningful-orientation","status":"publish","type":"page","link":"https:\/\/the-nature-works.com\/en\/offsite-nachhaltige-und-sinnerfuellte-ausrichtung\/","title":{"rendered":"Off-Site \"Sustainable and Meaningful Alignment\""},"content":{"rendered":"<div data-elementor-type=\"wp-page\" data-elementor-id=\"2380\" class=\"elementor elementor-2380\" data-elementor-post-type=\"page\">\n\t\t\t\t\t\t<section class=\"elementor-section elementor-top-section elementor-element elementor-element-4946ce2f elementor-section-boxed elementor-section-height-default elementor-section-height-default\" data-id=\"4946ce2f\" data-element_type=\"section\" data-e-type=\"section\">\n\t\t\t\t\t\t<div class=\"elementor-container elementor-column-gap-default\">\n\t\t\t\t\t<div class=\"elementor-column elementor-col-100 elementor-top-column elementor-element elementor-element-6365fddd\" data-id=\"6365fddd\" data-element_type=\"column\" data-e-type=\"column\">\n\t\t\t<div class=\"elementor-widget-wrap\">\n\t\t\t\t\t\t\t<\/div>\n\t\t<\/div>\n\t\t\t\t\t<\/div>\n\t\t<\/section>\n\t\t\t\t<section class=\"elementor-section elementor-top-section elementor-element elementor-element-3c67f0c6 elementor-section-height-min-height elementor-section-content-middle elementor-section-full_width elementor-section-items-stretch elementor-section-height-default\" data-id=\"3c67f0c6\" data-element_type=\"section\" data-e-type=\"section\" id=\"colorconsulting\">\n\t\t\t\t\t\t<div class=\"elementor-container elementor-column-gap-no\">\n\t\t\t\t\t<div class=\"elementor-column elementor-col-50 elementor-top-column elementor-element elementor-element-33b6925b\" data-id=\"33b6925b\" data-element_type=\"column\" data-e-type=\"column\" data-settings=\"{&quot;background_background&quot;:&quot;classic&quot;}\">\n\t\t\t<div class=\"elementor-widget-wrap elementor-element-populated\">\n\t\t\t\t\t\t<div class=\"elementor-element elementor-element-37d9d755 elementor-widget elementor-widget-spacer\" data-id=\"37d9d755\" data-element_type=\"widget\" data-e-type=\"widget\" data-widget_type=\"spacer.default\">\n\t\t\t\t<div class=\"elementor-widget-container\">\n\t\t\t\t\t\t\t<div class=\"elementor-spacer\">\n\t\t\t<div class=\"elementor-spacer-inner\"><\/div>\n\t\t<\/div>\n\t\t\t\t\t\t<\/div>\n\t\t\t\t<\/div>\n\t\t\t\t\t<\/div>\n\t\t<\/div>\n\t\t\t\t<div class=\"elementor-column elementor-col-50 elementor-top-column elementor-element elementor-element-64a07a7a\" data-id=\"64a07a7a\" data-element_type=\"column\" data-e-type=\"column\">\n\t\t\t<div class=\"elementor-widget-wrap elementor-element-populated\">\n\t\t\t\t\t\t<div class=\"elementor-element elementor-element-65a23964 elementor-widget-divider--view-line elementor-invisible elementor-widget elementor-widget-divider\" data-id=\"65a23964\" data-element_type=\"widget\" data-e-type=\"widget\" data-settings=\"{&quot;_animation&quot;:&quot;slideInRight&quot;}\" data-widget_type=\"divider.default\">\n\t\t\t\t<div class=\"elementor-widget-container\">\n\t\t\t\t\t\t\t<div class=\"elementor-divider\">\n\t\t\t<span class=\"elementor-divider-separator\">\n\t\t\t\t\t\t<\/span>\n\t\t<\/div>\n\t\t\t\t\t\t<\/div>\n\t\t\t\t<\/div>\n\t\t\t\t<div class=\"elementor-element elementor-element-59045c8 elementor-invisible elementor-widget elementor-widget-heading\" data-id=\"59045c8\" data-element_type=\"widget\" data-e-type=\"widget\" data-settings=\"{&quot;_animation&quot;:&quot;fadeIn&quot;,&quot;_animation_delay&quot;:&quot;400&quot;}\" data-widget_type=\"heading.default\">\n\t\t\t\t<div class=\"elementor-widget-container\">\n\t\t\t\t\t<h2 class=\"elementor-heading-title elementor-size-default\">Off-Site Sustainable and Meaningful Alignment<\/h2>\t\t\t\t<\/div>\n\t\t\t\t<\/div>\n\t\t\t\t<div class=\"elementor-element elementor-element-34a13e4a elementor-widget elementor-widget-heading\" data-id=\"34a13e4a\" data-element_type=\"widget\" data-e-type=\"widget\" data-widget_type=\"heading.default\">\n\t\t\t\t<div class=\"elementor-widget-container\">\n\t\t\t\t\t<h3 class=\"elementor-heading-title elementor-size-default\">Theme<\/h3>\t\t\t\t<\/div>\n\t\t\t\t<\/div>\n\t\t\t\t<div class=\"elementor-element elementor-element-a8879a9 elementor-widget elementor-widget-text-editor\" data-id=\"a8879a9\" data-element_type=\"widget\" data-e-type=\"widget\" data-widget_type=\"text-editor.default\">\n\t\t\t\t<div class=\"elementor-widget-container\">\n\t\t\t\t\t\t\t\t\tThe \"Sustainable and Meaningful Alignment\" <strong><a href=\"https:\/\/www.cio.de\/article\/3694762\/das-beste-aus-offsite-meetings-herausholen.html\" target=\"_blank\" rel=\"noopener\">\u00adOff-Site<\/a><\/strong> addresses significant questions.\n\nA sustainable mindset, complex strategic processes, and goal alignment can be explored more deeply with nature as a stakeholder, enabling the development of creative solutions.\n\nThis <a href=\"https:\/\/the-nature-works.com\/en\/\"><strong>Team Off-Site<\/strong><\/a> ocuses on realigning together. In a dynamic and complex work environment, providing orientation is a source of strength that brings security and clarity.\n<ul>\n \t<li aria-level=\"1\">Possible questions include:<\/li>\n \t<li aria-level=\"1\">What is my individual meaningful contribution in alignment with my personal values and strengths?<\/li>\n \t<li aria-level=\"1\">How can we implement our corporate strategies concretely?<\/li>\n \t<li aria-level=\"1\">What vision is desirable for us?<\/li>\n \t<li aria-level=\"1\">What guiding principles define or should define us?<\/li>\n<\/ul>\t\t\t\t\t\t\t\t<\/div>\n\t\t\t\t<\/div>\n\t\t\t\t\t<\/div>\n\t\t<\/div>\n\t\t\t\t\t<\/div>\n\t\t<\/section>\n\t\t\t\t<section class=\"elementor-section elementor-top-section elementor-element elementor-element-83ea4c2 elementor-section-boxed elementor-section-height-default elementor-section-height-default\" data-id=\"83ea4c2\" data-element_type=\"section\" data-e-type=\"section\">\n\t\t\t\t\t\t<div class=\"elementor-container elementor-column-gap-default\">\n\t\t\t\t\t<div class=\"elementor-column elementor-col-100 elementor-top-column elementor-element elementor-element-41aed342\" data-id=\"41aed342\" data-element_type=\"column\" data-e-type=\"column\">\n\t\t\t<div class=\"elementor-widget-wrap elementor-element-populated\">\n\t\t\t\t\t\t<div class=\"elementor-element elementor-element-26d019a9 elementor-invisible elementor-widget elementor-widget-heading\" data-id=\"26d019a9\" data-element_type=\"widget\" data-e-type=\"widget\" data-settings=\"{&quot;_animation&quot;:&quot;fadeIn&quot;,&quot;_animation_delay&quot;:&quot;400&quot;}\" data-widget_type=\"heading.default\">\n\t\t\t\t<div class=\"elementor-widget-container\">\n\t\t\t\t\t<h2 class=\"elementor-heading-title elementor-size-default\">Other Off-Site Topics<\/h2>\t\t\t\t<\/div>\n\t\t\t\t<\/div>\n\t\t\t\t<div class=\"elementor-element elementor-element-58e63c8f elementor-grid-4 e-transform elementor-grid-tablet-2 elementor-grid-mobile-1 elementor-widget elementor-widget-portfolio\" data-id=\"58e63c8f\" data-element_type=\"widget\" data-e-type=\"widget\" data-settings=\"{&quot;columns&quot;:&quot;4&quot;,&quot;item_ratio&quot;:{&quot;unit&quot;:&quot;px&quot;,&quot;size&quot;:1,&quot;sizes&quot;:[]},&quot;row_gap&quot;:{&quot;unit&quot;:&quot;px&quot;,&quot;size&quot;:15,&quot;sizes&quot;:[]},&quot;_animation&quot;:&quot;none&quot;,&quot;columns_tablet&quot;:&quot;2&quot;,&quot;columns_mobile&quot;:&quot;1&quot;,&quot;item_gap&quot;:{&quot;unit&quot;:&quot;px&quot;,&quot;size&quot;:&quot;&quot;,&quot;sizes&quot;:[]},&quot;_transform_rotateZ_effect_hover&quot;:{&quot;unit&quot;:&quot;px&quot;,&quot;size&quot;:&quot;&quot;,&quot;sizes&quot;:[]},&quot;_transform_rotateZ_effect_hover_tablet&quot;:{&quot;unit&quot;:&quot;deg&quot;,&quot;size&quot;:&quot;&quot;,&quot;sizes&quot;:[]},&quot;_transform_rotateZ_effect_hover_mobile&quot;:{&quot;unit&quot;:&quot;deg&quot;,&quot;size&quot;:&quot;&quot;,&quot;sizes&quot;:[]}}\" data-widget_type=\"portfolio.default\">\n\t\t\t\t<div class=\"elementor-widget-container\">\n\t\t\t\t\t\t\t<div class=\"elementor-portfolio elementor-grid elementor-posts-container\" role=\"list\">\n\t\t\t\t<article class=\"elementor-portfolio-item elementor-post  post-2388 e-landing-page type-e-landing-page status-publish format-standard has-post-thumbnail hentry\" role=\"listitem\">\n\t\t\t<a class=\"elementor-post__thumbnail__link\" href=\"https:\/\/the-nature-works.com\/en\/offsite-conscious-leadership\/\">\n\t\t\t\t<div class=\"elementor-portfolio-item__img elementor-post__thumbnail\">\n\t\t\t<img decoding=\"async\" width=\"128\" height=\"85\" src=\"https:\/\/the-nature-works.com\/wp-content\/uploads\/23-08-23-Jutta-Stern-X-The-Hearts-34.jpg\" class=\"attachment-thumbnail size-thumbnail wp-image-1015\" alt=\"Off-Site Conscious Leadership\" srcset=\"https:\/\/the-nature-works.com\/wp-content\/uploads\/23-08-23-Jutta-Stern-X-The-Hearts-34.jpg 899w, https:\/\/the-nature-works.com\/wp-content\/uploads\/23-08-23-Jutta-Stern-X-The-Hearts-34-768x513.jpg 768w, https:\/\/the-nature-works.com\/wp-content\/uploads\/23-08-23-Jutta-Stern-X-The-Hearts-34-20x13.jpg 20w\" sizes=\"(max-width: 128px) 100vw, 128px\" \/>\t\t<\/div>\n\t\t\t\t<div class=\"elementor-portfolio-item__overlay\">\n\t\t\t\t<p class=\"elementor-portfolio-item__title\">\n\t\tOff-Site \"Conscious Leadership\"\t\t<\/p>\n\t\t\t\t<\/div>\n\t\t\t\t<\/a>\n\t\t<\/article>\n\t\t\t\t<article class=\"elementor-portfolio-item elementor-post  post-2386 page type-page status-publish has-post-thumbnail hentry\" role=\"listitem\">\n\t\t\t<a class=\"elementor-post__thumbnail__link\" href=\"https:\/\/the-nature-works.com\/en\/offsite-management\/\">\n\t\t\t\t<div class=\"elementor-portfolio-item__img elementor-post__thumbnail\">\n\t\t\t<img decoding=\"async\" width=\"128\" height=\"85\" src=\"https:\/\/the-nature-works.com\/wp-content\/uploads\/offsite-meeting-dsc04445-900x600-1.jpg\" class=\"attachment-thumbnail size-thumbnail wp-image-1638\" alt=\"Off-Site Management\" srcset=\"https:\/\/the-nature-works.com\/wp-content\/uploads\/offsite-meeting-dsc04445-900x600-1.jpg 900w, https:\/\/the-nature-works.com\/wp-content\/uploads\/offsite-meeting-dsc04445-900x600-1-768x512.jpg 768w\" sizes=\"(max-width: 128px) 100vw, 128px\" \/>\t\t<\/div>\n\t\t\t\t<div class=\"elementor-portfolio-item__overlay\">\n\t\t\t\t<p class=\"elementor-portfolio-item__title\">\n\t\tOff-Site Management\t\t<\/p>\n\t\t\t\t<\/div>\n\t\t\t\t<\/a>\n\t\t<\/article>\n\t\t\t\t<article class=\"elementor-portfolio-item elementor-post  post-2384 page type-page status-publish has-post-thumbnail hentry\" role=\"listitem\">\n\t\t\t<a class=\"elementor-post__thumbnail__link\" href=\"https:\/\/the-nature-works.com\/en\/offsite-kultur-kooperation-und-kommunikation\/\">\n\t\t\t\t<div class=\"elementor-portfolio-item__img elementor-post__thumbnail\">\n\t\t\t<img decoding=\"async\" width=\"128\" height=\"85\" src=\"https:\/\/the-nature-works.com\/wp-content\/uploads\/offsite-meeting-dsc04432-900x600-1.jpg\" class=\"attachment-thumbnail size-thumbnail wp-image-1636\" alt=\"Off-Site Culture, Collaboration &amp; Communication\" srcset=\"https:\/\/the-nature-works.com\/wp-content\/uploads\/offsite-meeting-dsc04432-900x600-1.jpg 900w, https:\/\/the-nature-works.com\/wp-content\/uploads\/offsite-meeting-dsc04432-900x600-1-768x512.jpg 768w\" sizes=\"(max-width: 128px) 100vw, 128px\" \/>\t\t<\/div>\n\t\t\t\t<div class=\"elementor-portfolio-item__overlay\">\n\t\t\t\t<p class=\"elementor-portfolio-item__title\">\n\t\tOff-Site \"Culture, Cooperation and Communication\"\t\t<\/p>\n\t\t\t\t<\/div>\n\t\t\t\t<\/a>\n\t\t<\/article>\n\t\t\t\t<article class=\"elementor-portfolio-item elementor-post  post-2382 page type-page status-publish has-post-thumbnail hentry\" role=\"listitem\">\n\t\t\t<a class=\"elementor-post__thumbnail__link\" href=\"https:\/\/the-nature-works.com\/en\/offsite-achtsamkeit-und-resilienz\/\">\n\t\t\t\t<div class=\"elementor-portfolio-item__img elementor-post__thumbnail\">\n\t\t\t<img loading=\"lazy\" decoding=\"async\" width=\"113\" height=\"96\" src=\"https:\/\/the-nature-works.com\/wp-content\/uploads\/jutta-stern-kontakt-1200x1019-1.jpg\" class=\"attachment-thumbnail size-thumbnail wp-image-323\" alt=\"Off-Site Mindfulness and Resilience\" srcset=\"https:\/\/the-nature-works.com\/wp-content\/uploads\/jutta-stern-kontakt-1200x1019-1.jpg 1200w, https:\/\/the-nature-works.com\/wp-content\/uploads\/jutta-stern-kontakt-1200x1019-1-768x652.jpg 768w, https:\/\/the-nature-works.com\/wp-content\/uploads\/jutta-stern-kontakt-1200x1019-1-20x17.jpg 20w\" sizes=\"(max-width: 113px) 100vw, 113px\" \/>\t\t<\/div>\n\t\t\t\t<div class=\"elementor-portfolio-item__overlay\">\n\t\t\t\t<p class=\"elementor-portfolio-item__title\">\n\t\tOff-Site \"Mindfulness and Resilience\"\t\t<\/p>\n\t\t\t\t<\/div>\n\t\t\t\t<\/a>\n\t\t<\/article>\n\t\t\t\t<\/div>\n\t\t\t\t\t\t<\/div>\n\t\t\t\t<\/div>\n\t\t\t\t\t<\/div>\n\t\t<\/div>\n\t\t\t\t\t<\/div>\n\t\t<\/section>\n\t\t\t\t<section class=\"elementor-section elementor-top-section elementor-element elementor-element-68def075 elementor-section-boxed elementor-section-height-default elementor-section-height-default\" data-id=\"68def075\" data-element_type=\"section\" data-e-type=\"section\" data-settings=\"{&quot;background_background&quot;:&quot;classic&quot;}\">\n\t\t\t\t\t\t\t<div class=\"elementor-background-overlay\"><\/div>\n\t\t\t\t\t\t\t<div class=\"elementor-container elementor-column-gap-default\">\n\t\t\t\t\t<div class=\"elementor-column elementor-col-100 elementor-top-column elementor-element elementor-element-54f4828a\" data-id=\"54f4828a\" data-element_type=\"column\" data-e-type=\"column\">\n\t\t\t<div class=\"elementor-widget-wrap elementor-element-populated\">\n\t\t\t\t\t\t<div class=\"elementor-element elementor-element-36c13746 elementor-cta--skin-classic elementor-animated-content elementor-bg-transform elementor-bg-transform-zoom-in elementor-widget elementor-widget-call-to-action\" data-id=\"36c13746\" data-element_type=\"widget\" data-e-type=\"widget\" data-widget_type=\"call-to-action.default\">\n\t\t\t\t<div class=\"elementor-widget-container\">\n\t\t\t\t\t\t\t<div class=\"elementor-cta\">\n\t\t\t\t\t\t\t<div class=\"elementor-cta__content\">\n\t\t\t\t\n\t\t\t\t\t\t\t\t\t<h3 class=\"elementor-cta__title elementor-cta__content-item elementor-content-item\">\n\t\t\t\t\t\tBook Off-Site <span class=\"elementor-cta__title elementor-cta__content-item elementor-content-item elementor-inline-editing pen\" data-elementor-setting-key=\"title\" data-pen-placeholder=\"Eingabe hier...\" style=\"--tw-border-spacing-x: 0;--tw-border-spacing-y: 0;--tw-translate-x: 0;--tw-translate-y: 0;--tw-rotate: 0;--tw-skew-x: 0;--tw-skew-y: 0;--tw-scale-x: 1;--tw-scale-y: 1;--tw-pan-x:;--tw-pan-y:;--tw-pinch-zoom:;--tw-scroll-snap-strictness: proximity;--tw-gradient-from-position:;--tw-gradient-via-position:;--tw-gradient-to-position:;--tw-ordinal:;--tw-slashed-zero:;--tw-numeric-figure:;--tw-numeric-spacing:;--tw-numeric-fraction:;--tw-ring-inset:;--tw-ring-offset-width: 0px;--tw-ring-offset-color: #fff;--tw-ring-offset-shadow: 0 0 #0000;--tw-ring-shadow: 0 0 #0000;--tw-shadow: 0 0 #0000;--tw-shadow-colored: 0 0 #0000;--tw-blur:;--tw-brightness:;--tw-contrast:;--tw-grayscale:;--tw-hue-rotate:;--tw-invert:;--tw-saturate:;--tw-sepia:;--tw-drop-shadow:;--tw-backdrop-blur:;--tw-backdrop-brightness:;--tw-backdrop-contrast:;--tw-backdrop-grayscale:;--tw-backdrop-hue-rotate:;--tw-backdrop-invert:;--tw-backdrop-opacity:;--tw-backdrop-saturate:;--tw-backdrop-sepia:;--tw-contain-size:;--tw-contain-layout:;--tw-contain-paint:;--tw-contain-style:;width: 1192px;margin-bottom: 15px;letter-spacing: normal\">Stainable and Meaningful Alignment <\/span>\t\t\t\t\t<\/h3>\n\t\t\t\t\n\t\t\t\t\t\t\t\t\t<div class=\"elementor-cta__description elementor-cta__content-item elementor-content-item\">\n\t\t\t\t\t\tWould you like to find out which setting and impulses suit you and your team? Contact me easily, and we\u2019ll arrange a personal meeting to organize your Off-Site session. I look forward to hearing from you!\n\t\t\t\t\t<\/div>\n\t\t\t\t\n\t\t\t\t\t\t\t\t\t<div class=\"elementor-cta__button-wrapper elementor-cta__content-item elementor-content-item\">\n\t\t\t\t\t<a class=\"elementor-cta__button elementor-button elementor-size-\" href=\"https:\/\/the-nature-works.com\/en\/contact\/\">\n\t\t\t\t\t\tInquire Now\t\t\t\t\t<\/a>\n\t\t\t\t\t<\/div>\n\t\t\t\t\t\t\t<\/div>\n\t\t\t\t\t\t<\/div>\n\t\t\t\t\t\t<\/div>\n\t\t\t\t<\/div>\n\t\t\t\t\t<\/div>\n\t\t<\/div>\n\t\t\t\t\t<\/div>\n\t\t<\/section>\n\t\t\t\t<\/div>","protected":false},"excerpt":{"rendered":"<p>Offsite Nachhaltige und sinnerf\u00fcllte Ausrichtung THEMA Das Offsite Nachhaltige und sinnerf\u00fcllte Ausrichtung widmet sich bedeutungsvollen Fragen. Ein zukunftsf\u00e4higes Mindset, komplexe Strategie Prozesse und Ziel Ausrichtung k\u00f6nnen mit Hilfe der Natur als Stakeholder tiefgr\u00fcndiger erforscht werden, um kreative L\u00f6sungen zu entwickeln. In dem Team Offsite Nachhaltige und sinnerf\u00fcllte Ausrichtung geht es darum, sich gemeinsam neu auszurichten. [&hellip;]<\/p>\n","protected":false},"author":4,"featured_media":615,"parent":0,"menu_order":0,"comment_status":"closed","ping_status":"closed","template":"","meta":{"footnotes":""},"class_list":["post-2380","page","type-page","status-publish","has-post-thumbnail","hentry"],"_links":{"self":[{"href":"https:\/\/the-nature-works.com\/en\/wp-json\/wp\/v2\/pages\/2380","targetHints":{"allow":["GET"]}}],"collection":[{"href":"https:\/\/the-nature-works.com\/en\/wp-json\/wp\/v2\/pages"}],"about":[{"href":"https:\/\/the-nature-works.com\/en\/wp-json\/wp\/v2\/types\/page"}],"author":[{"embeddable":true,"href":"https:\/\/the-nature-works.com\/en\/wp-json\/wp\/v2\/users\/4"}],"replies":[{"embeddable":true,"href":"https:\/\/the-nature-works.com\/en\/wp-json\/wp\/v2\/comments?post=2380"}],"version-history":[{"count":70,"href":"https:\/\/the-nature-works.com\/en\/wp-json\/wp\/v2\/pages\/2380\/revisions"}],"predecessor-version":[{"id":3402,"href":"https:\/\/the-nature-works.com\/en\/wp-json\/wp\/v2\/pages\/2380\/revisions\/3402"}],"wp:featuredmedia":[{"embeddable":true,"href":"https:\/\/the-nature-works.com\/en\/wp-json\/wp\/v2\/media\/615"}],"wp:attachment":[{"href":"https:\/\/the-nature-works.com\/en\/wp-json\/wp\/v2\/media?parent=2380"}],"curies":[{"name":"wp","href":"https:\/\/api.w.org\/{rel}","templated":true}]}}