{"id":2382,"date":"2024-05-27T17:49:11","date_gmt":"2024-05-27T15:49:11","guid":{"rendered":"https:\/\/the-nature-works.com\/?p=2382"},"modified":"2025-02-06T19:42:46","modified_gmt":"2025-02-06T18:42:46","slug":"off-site-mindfulness-and-resilience","status":"publish","type":"page","link":"https:\/\/the-nature-works.com\/en\/offsite-achtsamkeit-und-resilienz\/","title":{"rendered":"Off-Site \"Mindfulness and Resilience\""},"content":{"rendered":"<div data-elementor-type=\"wp-page\" data-elementor-id=\"2382\" class=\"elementor elementor-2382\" data-elementor-post-type=\"page\">\n\t\t\t\t\t\t<section class=\"elementor-section elementor-top-section elementor-element elementor-element-3ccd3367 elementor-section-height-min-height elementor-section-content-middle elementor-section-full_width elementor-section-items-stretch elementor-section-height-default\" data-id=\"3ccd3367\" data-element_type=\"section\" data-e-type=\"section\" id=\"colorconsulting\">\n\t\t\t\t\t\t<div class=\"elementor-container elementor-column-gap-no\">\n\t\t\t\t\t<div class=\"elementor-column elementor-col-50 elementor-top-column elementor-element elementor-element-38d0ca95\" data-id=\"38d0ca95\" data-element_type=\"column\" data-e-type=\"column\" data-settings=\"{&quot;background_background&quot;:&quot;classic&quot;}\">\n\t\t\t<div class=\"elementor-widget-wrap elementor-element-populated\">\n\t\t\t\t\t\t<div class=\"elementor-element elementor-element-3f1d6847 elementor-widget elementor-widget-spacer\" data-id=\"3f1d6847\" data-element_type=\"widget\" data-e-type=\"widget\" data-widget_type=\"spacer.default\">\n\t\t\t\t<div class=\"elementor-widget-container\">\n\t\t\t\t\t\t\t<div class=\"elementor-spacer\">\n\t\t\t<div class=\"elementor-spacer-inner\"><\/div>\n\t\t<\/div>\n\t\t\t\t\t\t<\/div>\n\t\t\t\t<\/div>\n\t\t\t\t\t<\/div>\n\t\t<\/div>\n\t\t\t\t<div class=\"elementor-column elementor-col-50 elementor-top-column elementor-element elementor-element-70033e7b\" data-id=\"70033e7b\" data-element_type=\"column\" data-e-type=\"column\">\n\t\t\t<div class=\"elementor-widget-wrap elementor-element-populated\">\n\t\t\t\t\t\t<div class=\"elementor-element elementor-element-46b3f08d elementor-widget-divider--view-line elementor-invisible elementor-widget elementor-widget-divider\" data-id=\"46b3f08d\" data-element_type=\"widget\" data-e-type=\"widget\" data-settings=\"{&quot;_animation&quot;:&quot;slideInRight&quot;}\" data-widget_type=\"divider.default\">\n\t\t\t\t<div class=\"elementor-widget-container\">\n\t\t\t\t\t\t\t<div class=\"elementor-divider\">\n\t\t\t<span class=\"elementor-divider-separator\">\n\t\t\t\t\t\t<\/span>\n\t\t<\/div>\n\t\t\t\t\t\t<\/div>\n\t\t\t\t<\/div>\n\t\t\t\t<div class=\"elementor-element elementor-element-f24f63e elementor-invisible elementor-widget elementor-widget-heading\" data-id=\"f24f63e\" data-element_type=\"widget\" data-e-type=\"widget\" data-settings=\"{&quot;_animation&quot;:&quot;fadeIn&quot;,&quot;_animation_delay&quot;:&quot;400&quot;}\" data-widget_type=\"heading.default\">\n\t\t\t\t<div class=\"elementor-widget-container\">\n\t\t\t\t\t<h2 class=\"elementor-heading-title elementor-size-default\">Off-Site Mindfulness and Resilience<\/h2>\t\t\t\t<\/div>\n\t\t\t\t<\/div>\n\t\t\t\t<div class=\"elementor-element elementor-element-9f0a98b elementor-widget elementor-widget-heading\" data-id=\"9f0a98b\" data-element_type=\"widget\" data-e-type=\"widget\" data-widget_type=\"heading.default\">\n\t\t\t\t<div class=\"elementor-widget-container\">\n\t\t\t\t\t<h3 class=\"elementor-heading-title elementor-size-default\">Theme<\/h3>\t\t\t\t<\/div>\n\t\t\t\t<\/div>\n\t\t\t\t<div class=\"elementor-element elementor-element-75b0a188 elementor-widget elementor-widget-text-editor\" data-id=\"75b0a188\" data-element_type=\"widget\" data-e-type=\"widget\" data-widget_type=\"text-editor.default\">\n\t\t\t\t<div class=\"elementor-widget-container\">\n\t\t\t\t\t\t\t\t\t<p>In the \"Mindfulness and Resilience\" Off-Site, nature becomes our \"conference room,\" naturally providing calm and deceleration for the group.<\/p><p>Nature becomes our \u201cConference Room,\u201d offering tranquillity and deceleration within the group. Its deep power strengthens the connection both individually and within the team, promoting the mental health of every participant.<\/p><p>A <a href=\"https:\/\/the-nature-works.com\/en\/\">Team Off-Site<\/a>, focused on resilience, is a valuable opportunity to strengthen the team's adaptability and well-being. Through targeted input and self-coaching tools, you\u2019ll learn to better handle stress, improve communication, and foster a strong sense of community.<\/p><p>A resilience-focused <a href=\"https:\/\/www.cio.de\/article\/3694762\/das-beste-aus-offsite-meetings-herausholen.html\" data-wplink-edit=\"true\" target=\"_blank\" rel=\"noopener\">\u00adOff-Site<\/a> is an investment in employees' mental health and engagement. As such, it is a key element of modern personnel development, ensuring long-term success.<\/p>\t\t\t\t\t\t\t\t<\/div>\n\t\t\t\t<\/div>\n\t\t\t\t\t<\/div>\n\t\t<\/div>\n\t\t\t\t\t<\/div>\n\t\t<\/section>\n\t\t\t\t<section class=\"elementor-section elementor-top-section elementor-element elementor-element-52807640 elementor-section-boxed elementor-section-height-default elementor-section-height-default\" data-id=\"52807640\" data-element_type=\"section\" data-e-type=\"section\">\n\t\t\t\t\t\t<div class=\"elementor-container elementor-column-gap-default\">\n\t\t\t\t\t<div class=\"elementor-column elementor-col-100 elementor-top-column elementor-element elementor-element-498f5995\" data-id=\"498f5995\" data-element_type=\"column\" data-e-type=\"column\">\n\t\t\t<div class=\"elementor-widget-wrap elementor-element-populated\">\n\t\t\t\t\t\t<div class=\"elementor-element elementor-element-22b048df elementor-invisible elementor-widget elementor-widget-heading\" data-id=\"22b048df\" data-element_type=\"widget\" data-e-type=\"widget\" data-settings=\"{&quot;_animation&quot;:&quot;fadeIn&quot;,&quot;_animation_delay&quot;:&quot;400&quot;}\" data-widget_type=\"heading.default\">\n\t\t\t\t<div class=\"elementor-widget-container\">\n\t\t\t\t\t<h2 class=\"elementor-heading-title elementor-size-default\">Other Off-Site Topics<\/h2>\t\t\t\t<\/div>\n\t\t\t\t<\/div>\n\t\t\t\t<div class=\"elementor-element elementor-element-6c1d4bba elementor-grid-4 e-transform elementor-grid-tablet-2 elementor-grid-mobile-1 elementor-widget elementor-widget-portfolio\" data-id=\"6c1d4bba\" data-element_type=\"widget\" data-e-type=\"widget\" data-settings=\"{&quot;columns&quot;:&quot;4&quot;,&quot;item_ratio&quot;:{&quot;unit&quot;:&quot;px&quot;,&quot;size&quot;:1,&quot;sizes&quot;:[]},&quot;row_gap&quot;:{&quot;unit&quot;:&quot;px&quot;,&quot;size&quot;:17,&quot;sizes&quot;:[]},&quot;_animation&quot;:&quot;none&quot;,&quot;columns_tablet&quot;:&quot;2&quot;,&quot;columns_mobile&quot;:&quot;1&quot;,&quot;item_gap&quot;:{&quot;unit&quot;:&quot;px&quot;,&quot;size&quot;:&quot;&quot;,&quot;sizes&quot;:[]},&quot;_transform_rotateZ_effect_hover&quot;:{&quot;unit&quot;:&quot;px&quot;,&quot;size&quot;:&quot;&quot;,&quot;sizes&quot;:[]},&quot;_transform_rotateZ_effect_hover_tablet&quot;:{&quot;unit&quot;:&quot;deg&quot;,&quot;size&quot;:&quot;&quot;,&quot;sizes&quot;:[]},&quot;_transform_rotateZ_effect_hover_mobile&quot;:{&quot;unit&quot;:&quot;deg&quot;,&quot;size&quot;:&quot;&quot;,&quot;sizes&quot;:[]}}\" data-widget_type=\"portfolio.default\">\n\t\t\t\t<div class=\"elementor-widget-container\">\n\t\t\t\t\t\t\t<div class=\"elementor-portfolio elementor-grid elementor-posts-container\" role=\"list\">\n\t\t\t\t<article class=\"elementor-portfolio-item elementor-post  post-2380 page type-page status-publish has-post-thumbnail hentry\" role=\"listitem\">\n\t\t\t<a class=\"elementor-post__thumbnail__link\" href=\"https:\/\/the-nature-works.com\/en\/offsite-nachhaltige-und-sinnerfuellte-ausrichtung\/\">\n\t\t\t\t<div class=\"elementor-portfolio-item__img elementor-post__thumbnail\">\n\t\t\t<img fetchpriority=\"high\" decoding=\"async\" width=\"800\" height=\"1000\" src=\"https:\/\/the-nature-works.com\/wp-content\/uploads\/jutta-stern-cta-800x1000-1.jpg\" class=\"attachment-1536x1536 size-1536x1536 wp-image-615\" alt=\"Off-Site Sustainable and Meaningful Alignment\" srcset=\"https:\/\/the-nature-works.com\/wp-content\/uploads\/jutta-stern-cta-800x1000-1.jpg 800w, https:\/\/the-nature-works.com\/wp-content\/uploads\/jutta-stern-cta-800x1000-1-768x960.jpg 768w, https:\/\/the-nature-works.com\/wp-content\/uploads\/jutta-stern-cta-800x1000-1-16x20.jpg 16w\" sizes=\"(max-width: 800px) 100vw, 800px\" \/>\t\t<\/div>\n\t\t\t\t<div class=\"elementor-portfolio-item__overlay\">\n\t\t\t\t<p class=\"elementor-portfolio-item__title\">\n\t\tOff-Site \"Sustainable and Meaningful Alignment\"\t\t<\/p>\n\t\t\t\t<\/div>\n\t\t\t\t<\/a>\n\t\t<\/article>\n\t\t\t\t<article class=\"elementor-portfolio-item elementor-post  post-2384 page type-page status-publish has-post-thumbnail hentry\" role=\"listitem\">\n\t\t\t<a class=\"elementor-post__thumbnail__link\" href=\"https:\/\/the-nature-works.com\/en\/offsite-kultur-kooperation-und-kommunikation\/\">\n\t\t\t\t<div class=\"elementor-portfolio-item__img elementor-post__thumbnail\">\n\t\t\t<img decoding=\"async\" width=\"900\" height=\"600\" src=\"https:\/\/the-nature-works.com\/wp-content\/uploads\/offsite-meeting-dsc04432-900x600-1.jpg\" class=\"attachment-1536x1536 size-1536x1536 wp-image-1636\" alt=\"Off-Site Culture, Collaboration &amp; Communication\" srcset=\"https:\/\/the-nature-works.com\/wp-content\/uploads\/offsite-meeting-dsc04432-900x600-1.jpg 900w, https:\/\/the-nature-works.com\/wp-content\/uploads\/offsite-meeting-dsc04432-900x600-1-768x512.jpg 768w\" sizes=\"(max-width: 900px) 100vw, 900px\" \/>\t\t<\/div>\n\t\t\t\t<div class=\"elementor-portfolio-item__overlay\">\n\t\t\t\t<p class=\"elementor-portfolio-item__title\">\n\t\tOff-Site \"Culture, Cooperation and Communication\"\t\t<\/p>\n\t\t\t\t<\/div>\n\t\t\t\t<\/a>\n\t\t<\/article>\n\t\t\t\t<article class=\"elementor-portfolio-item elementor-post  post-2386 page type-page status-publish has-post-thumbnail hentry\" role=\"listitem\">\n\t\t\t<a class=\"elementor-post__thumbnail__link\" href=\"https:\/\/the-nature-works.com\/en\/offsite-management\/\">\n\t\t\t\t<div class=\"elementor-portfolio-item__img elementor-post__thumbnail\">\n\t\t\t<img decoding=\"async\" width=\"900\" height=\"600\" src=\"https:\/\/the-nature-works.com\/wp-content\/uploads\/offsite-meeting-dsc04445-900x600-1.jpg\" class=\"attachment-1536x1536 size-1536x1536 wp-image-1638\" alt=\"Off-Site Management\" srcset=\"https:\/\/the-nature-works.com\/wp-content\/uploads\/offsite-meeting-dsc04445-900x600-1.jpg 900w, https:\/\/the-nature-works.com\/wp-content\/uploads\/offsite-meeting-dsc04445-900x600-1-768x512.jpg 768w\" sizes=\"(max-width: 900px) 100vw, 900px\" \/>\t\t<\/div>\n\t\t\t\t<div class=\"elementor-portfolio-item__overlay\">\n\t\t\t\t<p class=\"elementor-portfolio-item__title\">\n\t\tOff-Site Management\t\t<\/p>\n\t\t\t\t<\/div>\n\t\t\t\t<\/a>\n\t\t<\/article>\n\t\t\t\t<article class=\"elementor-portfolio-item elementor-post  post-2388 e-landing-page type-e-landing-page status-publish format-standard has-post-thumbnail hentry\" role=\"listitem\">\n\t\t\t<a class=\"elementor-post__thumbnail__link\" href=\"https:\/\/the-nature-works.com\/en\/offsite-conscious-leadership\/\">\n\t\t\t\t<div class=\"elementor-portfolio-item__img elementor-post__thumbnail\">\n\t\t\t<img loading=\"lazy\" decoding=\"async\" width=\"899\" height=\"600\" src=\"https:\/\/the-nature-works.com\/wp-content\/uploads\/23-08-23-Jutta-Stern-X-The-Hearts-34.jpg\" class=\"attachment-1536x1536 size-1536x1536 wp-image-1015\" alt=\"Off-Site Conscious Leadership\" srcset=\"https:\/\/the-nature-works.com\/wp-content\/uploads\/23-08-23-Jutta-Stern-X-The-Hearts-34.jpg 899w, https:\/\/the-nature-works.com\/wp-content\/uploads\/23-08-23-Jutta-Stern-X-The-Hearts-34-768x513.jpg 768w, https:\/\/the-nature-works.com\/wp-content\/uploads\/23-08-23-Jutta-Stern-X-The-Hearts-34-20x13.jpg 20w\" sizes=\"(max-width: 899px) 100vw, 899px\" \/>\t\t<\/div>\n\t\t\t\t<div class=\"elementor-portfolio-item__overlay\">\n\t\t\t\t<p class=\"elementor-portfolio-item__title\">\n\t\tOff-Site \"Conscious Leadership\"\t\t<\/p>\n\t\t\t\t<\/div>\n\t\t\t\t<\/a>\n\t\t<\/article>\n\t\t\t\t<\/div>\n\t\t\t\t\t\t<\/div>\n\t\t\t\t<\/div>\n\t\t\t\t\t<\/div>\n\t\t<\/div>\n\t\t\t\t\t<\/div>\n\t\t<\/section>\n\t\t\t\t<section class=\"elementor-section elementor-top-section elementor-element elementor-element-3df15c15 elementor-section-boxed elementor-section-height-default elementor-section-height-default\" data-id=\"3df15c15\" data-element_type=\"section\" data-e-type=\"section\" data-settings=\"{&quot;background_background&quot;:&quot;classic&quot;}\">\n\t\t\t\t\t\t\t<div class=\"elementor-background-overlay\"><\/div>\n\t\t\t\t\t\t\t<div class=\"elementor-container elementor-column-gap-default\">\n\t\t\t\t\t<div class=\"elementor-column elementor-col-100 elementor-top-column elementor-element elementor-element-82e70fc\" data-id=\"82e70fc\" data-element_type=\"column\" data-e-type=\"column\">\n\t\t\t<div class=\"elementor-widget-wrap elementor-element-populated\">\n\t\t\t\t\t\t<div class=\"elementor-element elementor-element-3e7406ab elementor-cta--skin-classic elementor-animated-content elementor-bg-transform elementor-bg-transform-zoom-in elementor-widget elementor-widget-call-to-action\" data-id=\"3e7406ab\" data-element_type=\"widget\" data-e-type=\"widget\" data-widget_type=\"call-to-action.default\">\n\t\t\t\t<div class=\"elementor-widget-container\">\n\t\t\t\t\t\t\t<div class=\"elementor-cta\">\n\t\t\t\t\t\t\t<div class=\"elementor-cta__content\">\n\t\t\t\t\n\t\t\t\t\t\t\t\t\t<h3 class=\"elementor-cta__title elementor-cta__content-item elementor-content-item\">\n\t\t\t\t\t\tBook Off-Site - Sustainable and Meaningful Alignment\t\t\t\t\t<\/h3>\n\t\t\t\t\n\t\t\t\t\t\t\t\t\t<div class=\"elementor-cta__description elementor-cta__content-item elementor-content-item\">\n\t\t\t\t\t\tWould you like to find out which setting and impulses suit you and your team? Contact me easily, and we\u2019ll arrange a personal meeting to organize your Off-Site session. I look forward to hearing from you!\n\t\t\t\t\t<\/div>\n\t\t\t\t\n\t\t\t\t\t\t\t\t\t<div class=\"elementor-cta__button-wrapper elementor-cta__content-item elementor-content-item\">\n\t\t\t\t\t<a class=\"elementor-cta__button elementor-button elementor-size-\" href=\"https:\/\/the-nature-works.com\/en\/contact\/\">\n\t\t\t\t\t\tInquire Now\t\t\t\t\t<\/a>\n\t\t\t\t\t<\/div>\n\t\t\t\t\t\t\t<\/div>\n\t\t\t\t\t\t<\/div>\n\t\t\t\t\t\t<\/div>\n\t\t\t\t<\/div>\n\t\t\t\t\t<\/div>\n\t\t<\/div>\n\t\t\t\t\t<\/div>\n\t\t<\/section>\n\t\t\t\t<\/div>","protected":false},"excerpt":{"rendered":"<p>Offsite Achtsamkeit und Resilienz THEMA Bei dem Offsite Achtsamkeit und Resilienz wird die Natur\u00a0 zu unserem \u201eKonferenzraum\u201c und sorgt ganz nat\u00fcrlich f\u00fcr Ruhe und Entschleunigung innerhalb einer Gruppe. Die Natur wird zu unserem \u201eKonferenzraum\u201c und sorgt ganz nat\u00fcrlich f\u00fcr Ruhe und Entschleunigung innerhalb einer Gruppe. Die tiefgreifende Kraft der Natur unterst\u00fctzt dabei die Verbindung zu [&hellip;]<\/p>\n","protected":false},"author":4,"featured_media":323,"parent":0,"menu_order":0,"comment_status":"closed","ping_status":"closed","template":"","meta":{"footnotes":""},"class_list":["post-2382","page","type-page","status-publish","has-post-thumbnail","hentry"],"_links":{"self":[{"href":"https:\/\/the-nature-works.com\/en\/wp-json\/wp\/v2\/pages\/2382","targetHints":{"allow":["GET"]}}],"collection":[{"href":"https:\/\/the-nature-works.com\/en\/wp-json\/wp\/v2\/pages"}],"about":[{"href":"https:\/\/the-nature-works.com\/en\/wp-json\/wp\/v2\/types\/page"}],"author":[{"embeddable":true,"href":"https:\/\/the-nature-works.com\/en\/wp-json\/wp\/v2\/users\/4"}],"replies":[{"embeddable":true,"href":"https:\/\/the-nature-works.com\/en\/wp-json\/wp\/v2\/comments?post=2382"}],"version-history":[{"count":62,"href":"https:\/\/the-nature-works.com\/en\/wp-json\/wp\/v2\/pages\/2382\/revisions"}],"predecessor-version":[{"id":3403,"href":"https:\/\/the-nature-works.com\/en\/wp-json\/wp\/v2\/pages\/2382\/revisions\/3403"}],"wp:featuredmedia":[{"embeddable":true,"href":"https:\/\/the-nature-works.com\/en\/wp-json\/wp\/v2\/media\/323"}],"wp:attachment":[{"href":"https:\/\/the-nature-works.com\/en\/wp-json\/wp\/v2\/media?parent=2382"}],"curies":[{"name":"wp","href":"https:\/\/api.w.org\/{rel}","templated":true}]}}